{"id":449,"date":"2025-10-19T12:10:33","date_gmt":"2025-10-19T12:10:33","guid":{"rendered":"https:\/\/haldenwang-werbegestaltung.de\/?page_id=449"},"modified":"2025-10-22T14:51:07","modified_gmt":"2025-10-22T14:51:07","slug":"projekte-produkte","status":"publish","type":"page","link":"https:\/\/haldenwang-werbegestaltung.de\/?page_id=449","title":{"rendered":"Projekte &amp; Produkte"},"content":{"rendered":"\n<p>Ma\u00dfgeschneiderte Werbel\u00f6sungen &#8211; individuell geplant, pr\u00e4zise umgesetzt.<br>In unserer Werkstatt bei Frankfurt am Main entwickeln wir seit 1993 Werbetechnik, die Eindruck hinterl\u00e4sst.<br>Von der ersten Idee bis zur Montage betreuen wir Ihr Projekt pers\u00f6nlich und zuverl\u00e4ssig.<\/p>\n\n\n\n<h4 class=\"wp-block-heading\">Unsere Produkte im \u00dcberblick<\/h4>\n\n\n\n<ul class=\"wp-block-list\">\n<li><strong>Digitaldrucke &amp; Banner<\/strong> \u2013 ideal f\u00fcr Messen, Events und Innenr\u00e4ume<\/li>\n\n\n\n<li><strong>Firmenschilder &amp; 3D-Buchstaben<\/strong> \u2013 f\u00fcr einen starken ersten Eindruck am Unternehmensstandort<\/li>\n\n\n\n<li><strong>Lasergravuren &amp; Beschriftungen<\/strong> \u2013 f\u00fcr Industrie, Maschinenbau und personalisierte Geschenkartikel<\/li>\n\n\n\n<li><strong>Schaufensterbeschriftungen &amp; Sichtschutzfolien<\/strong> \u2013 perfekt f\u00fcr Handel, Gastronomie, B\u00fcros und im Privatbereich<\/li>\n\n\n\n<li><strong>Fahrzeugbeschriftungen <\/strong> \u2013 mobile Werbung mit hoher Reichweite<\/li>\n<\/ul>\n\n\n\n<h2 class=\"wp-block-heading\"><br>Realisierte Projekte<\/h2>\n\n\n\n<p>Ob kleines Einzelst\u00fcck oder gro\u00dffl\u00e4chige Au\u00dfenwerbung &#8211; jedes Projekt wird bei uns mit h\u00f6chster Sorgfalt umgesetzt. Zu unseren Kunden z\u00e4hlen Unternehmen aus dem Hochtaunuskreis, Bad Homburg, Frankfurt und ganz Rhein-Main. In unserer Galerie zeigen wir Ihnen eine Auswahl aktueller Arbeiten \u2013 lassen Sie sich inspirieren!<\/p>\n\n\n\n<div class=\"wp-block-columns is-layout-flex wp-container-core-columns-is-layout-9d6595d7 wp-block-columns-is-layout-flex\">\n<div class=\"wp-block-column is-layout-flow wp-block-column-is-layout-flow\">\n<h3 class=\"wp-block-heading\"><strong>3D-Buchstaben<\/strong><\/h3>\n\n\n\n<figure class=\"wp-block-gallery has-nested-images columns-default is-cropped wp-block-gallery-1 is-layout-flex wp-block-gallery-is-layout-flex\">\n<figure class=\"wp-block-image size-large\"><img fetchpriority=\"high\" decoding=\"async\" width=\"600\" height=\"490\" data-id=\"502\" src=\"https:\/\/haldenwang-werbegestaltung.de\/wp-content\/uploads\/2025\/10\/Candoro-1-1.png\" alt=\"\" class=\"wp-image-502\" srcset=\"https:\/\/haldenwang-werbegestaltung.de\/wp-content\/uploads\/2025\/10\/Candoro-1-1.png 600w, https:\/\/haldenwang-werbegestaltung.de\/wp-content\/uploads\/2025\/10\/Candoro-1-1-300x245.png 300w\" sizes=\"(max-width: 600px) 100vw, 600px\" \/><\/figure>\n\n\n\n<figure class=\"wp-block-image size-large\"><img decoding=\"async\" width=\"600\" height=\"490\" data-id=\"501\" src=\"https:\/\/haldenwang-werbegestaltung.de\/wp-content\/uploads\/2025\/10\/Candoro-2-1.png\" alt=\"\" class=\"wp-image-501\" srcset=\"https:\/\/haldenwang-werbegestaltung.de\/wp-content\/uploads\/2025\/10\/Candoro-2-1.png 600w, https:\/\/haldenwang-werbegestaltung.de\/wp-content\/uploads\/2025\/10\/Candoro-2-1-300x245.png 300w\" sizes=\"(max-width: 600px) 100vw, 600px\" \/><\/figure>\n\n\n\n<figure class=\"wp-block-image size-large\"><img decoding=\"async\" width=\"600\" height=\"490\" data-id=\"499\" src=\"https:\/\/haldenwang-werbegestaltung.de\/wp-content\/uploads\/2025\/10\/Candoro-3-1.png\" alt=\"\" class=\"wp-image-499\" srcset=\"https:\/\/haldenwang-werbegestaltung.de\/wp-content\/uploads\/2025\/10\/Candoro-3-1.png 600w, https:\/\/haldenwang-werbegestaltung.de\/wp-content\/uploads\/2025\/10\/Candoro-3-1-300x245.png 300w\" sizes=\"(max-width: 600px) 100vw, 600px\" \/><\/figure>\n\n\n\n<figure class=\"wp-block-image size-large\"><img loading=\"lazy\" decoding=\"async\" width=\"600\" height=\"490\" data-id=\"505\" src=\"https:\/\/haldenwang-werbegestaltung.de\/wp-content\/uploads\/2025\/10\/Candoro-4-1.png\" alt=\"\" class=\"wp-image-505\" srcset=\"https:\/\/haldenwang-werbegestaltung.de\/wp-content\/uploads\/2025\/10\/Candoro-4-1.png 600w, https:\/\/haldenwang-werbegestaltung.de\/wp-content\/uploads\/2025\/10\/Candoro-4-1-300x245.png 300w\" sizes=\"(max-width: 600px) 100vw, 600px\" \/><\/figure>\n\n\n\n<figure class=\"wp-block-image size-large\"><img loading=\"lazy\" decoding=\"async\" width=\"600\" height=\"490\" data-id=\"500\" src=\"https:\/\/haldenwang-werbegestaltung.de\/wp-content\/uploads\/2025\/10\/Candoro-5-1.png\" alt=\"\" class=\"wp-image-500\" srcset=\"https:\/\/haldenwang-werbegestaltung.de\/wp-content\/uploads\/2025\/10\/Candoro-5-1.png 600w, https:\/\/haldenwang-werbegestaltung.de\/wp-content\/uploads\/2025\/10\/Candoro-5-1-300x245.png 300w\" sizes=\"(max-width: 600px) 100vw, 600px\" \/><\/figure>\n\n\n\n<figure class=\"wp-block-image size-large\"><img loading=\"lazy\" decoding=\"async\" width=\"600\" height=\"490\" data-id=\"506\" src=\"https:\/\/haldenwang-werbegestaltung.de\/wp-content\/uploads\/2025\/10\/Candoro-6-1.png\" alt=\"\" class=\"wp-image-506\" srcset=\"https:\/\/haldenwang-werbegestaltung.de\/wp-content\/uploads\/2025\/10\/Candoro-6-1.png 600w, https:\/\/haldenwang-werbegestaltung.de\/wp-content\/uploads\/2025\/10\/Candoro-6-1-300x245.png 300w\" sizes=\"(max-width: 600px) 100vw, 600px\" \/><\/figure>\n\n\n\n<figure class=\"wp-block-image size-large\"><img loading=\"lazy\" decoding=\"async\" width=\"600\" height=\"490\" data-id=\"503\" src=\"https:\/\/haldenwang-werbegestaltung.de\/wp-content\/uploads\/2025\/10\/Candoro-7-1.png\" alt=\"\" class=\"wp-image-503\" srcset=\"https:\/\/haldenwang-werbegestaltung.de\/wp-content\/uploads\/2025\/10\/Candoro-7-1.png 600w, https:\/\/haldenwang-werbegestaltung.de\/wp-content\/uploads\/2025\/10\/Candoro-7-1-300x245.png 300w\" sizes=\"(max-width: 600px) 100vw, 600px\" \/><\/figure>\n\n\n\n<figure class=\"wp-block-image size-large\"><img loading=\"lazy\" decoding=\"async\" width=\"600\" height=\"490\" data-id=\"504\" src=\"https:\/\/haldenwang-werbegestaltung.de\/wp-content\/uploads\/2025\/10\/Candoro-8-1.png\" alt=\"\" class=\"wp-image-504\" srcset=\"https:\/\/haldenwang-werbegestaltung.de\/wp-content\/uploads\/2025\/10\/Candoro-8-1.png 600w, https:\/\/haldenwang-werbegestaltung.de\/wp-content\/uploads\/2025\/10\/Candoro-8-1-300x245.png 300w\" sizes=\"(max-width: 600px) 100vw, 600px\" \/><\/figure>\n<\/figure>\n<\/div>\n\n\n\n<div class=\"wp-block-column is-layout-flow wp-block-column-is-layout-flow\">\n<h3 class=\"wp-block-heading\"><strong>3D-Buchstaben<\/strong><\/h3>\n\n\n\n<figure class=\"wp-block-gallery has-nested-images columns-default is-cropped wp-block-gallery-2 is-layout-flex wp-block-gallery-is-layout-flex\">\n<figure class=\"wp-block-image size-large\"><img loading=\"lazy\" decoding=\"async\" width=\"600\" height=\"490\" data-id=\"495\" src=\"https:\/\/haldenwang-werbegestaltung.de\/wp-content\/uploads\/2025\/10\/Curaparc-Clinic-1.png\" alt=\"\" class=\"wp-image-495\" srcset=\"https:\/\/haldenwang-werbegestaltung.de\/wp-content\/uploads\/2025\/10\/Curaparc-Clinic-1.png 600w, https:\/\/haldenwang-werbegestaltung.de\/wp-content\/uploads\/2025\/10\/Curaparc-Clinic-1-300x245.png 300w\" sizes=\"(max-width: 600px) 100vw, 600px\" \/><\/figure>\n\n\n\n<figure class=\"wp-block-image size-large\"><img loading=\"lazy\" decoding=\"async\" width=\"600\" height=\"490\" data-id=\"496\" src=\"https:\/\/haldenwang-werbegestaltung.de\/wp-content\/uploads\/2025\/10\/Curaparc-Clinic-2.png\" alt=\"\" class=\"wp-image-496\" srcset=\"https:\/\/haldenwang-werbegestaltung.de\/wp-content\/uploads\/2025\/10\/Curaparc-Clinic-2.png 600w, https:\/\/haldenwang-werbegestaltung.de\/wp-content\/uploads\/2025\/10\/Curaparc-Clinic-2-300x245.png 300w\" sizes=\"(max-width: 600px) 100vw, 600px\" \/><\/figure>\n\n\n\n<figure class=\"wp-block-image size-large\"><img loading=\"lazy\" decoding=\"async\" width=\"600\" height=\"490\" data-id=\"497\" src=\"https:\/\/haldenwang-werbegestaltung.de\/wp-content\/uploads\/2025\/10\/Curaparc-Clinic-3.png\" alt=\"\" class=\"wp-image-497\" srcset=\"https:\/\/haldenwang-werbegestaltung.de\/wp-content\/uploads\/2025\/10\/Curaparc-Clinic-3.png 600w, https:\/\/haldenwang-werbegestaltung.de\/wp-content\/uploads\/2025\/10\/Curaparc-Clinic-3-300x245.png 300w\" sizes=\"(max-width: 600px) 100vw, 600px\" \/><\/figure>\n\n\n\n<figure class=\"wp-block-image size-large\"><img loading=\"lazy\" decoding=\"async\" width=\"600\" height=\"400\" data-id=\"507\" src=\"https:\/\/haldenwang-werbegestaltung.de\/wp-content\/uploads\/2025\/10\/Curaparc-Clinic-4-edited.png\" alt=\"\" class=\"wp-image-507\" srcset=\"https:\/\/haldenwang-werbegestaltung.de\/wp-content\/uploads\/2025\/10\/Curaparc-Clinic-4-edited.png 600w, https:\/\/haldenwang-werbegestaltung.de\/wp-content\/uploads\/2025\/10\/Curaparc-Clinic-4-edited-300x200.png 300w\" sizes=\"(max-width: 600px) 100vw, 600px\" \/><\/figure>\n<\/figure>\n<\/div>\n<\/div>\n\n\n\n<div class=\"wp-block-columns is-layout-flex wp-container-core-columns-is-layout-9d6595d7 wp-block-columns-is-layout-flex\">\n<div class=\"wp-block-column is-layout-flow wp-block-column-is-layout-flow\">\n<div style=\"height:47px\" aria-hidden=\"true\" class=\"wp-block-spacer\"><\/div>\n\n\n\n<h3 class=\"wp-block-heading\">KFZ Beschriftung<\/h3>\n\n\n\n<p><\/p>\n\n\n\n<figure class=\"wp-block-gallery has-nested-images columns-default is-cropped wp-block-gallery-3 is-layout-flex wp-block-gallery-is-layout-flex\">\n<figure class=\"wp-block-image size-large\"><img loading=\"lazy\" decoding=\"async\" width=\"600\" height=\"490\" data-id=\"483\" src=\"https:\/\/haldenwang-werbegestaltung.de\/wp-content\/uploads\/2025\/10\/CandGierth-Mobile-2.png\" alt=\"\" class=\"wp-image-483\" srcset=\"https:\/\/haldenwang-werbegestaltung.de\/wp-content\/uploads\/2025\/10\/CandGierth-Mobile-2.png 600w, https:\/\/haldenwang-werbegestaltung.de\/wp-content\/uploads\/2025\/10\/CandGierth-Mobile-2-300x245.png 300w\" sizes=\"(max-width: 600px) 100vw, 600px\" \/><\/figure>\n\n\n\n<figure class=\"wp-block-image size-large\"><img loading=\"lazy\" decoding=\"async\" width=\"600\" height=\"490\" data-id=\"484\" src=\"https:\/\/haldenwang-werbegestaltung.de\/wp-content\/uploads\/2025\/10\/Gierth-Mobile-1-1.png\" alt=\"\" class=\"wp-image-484\" srcset=\"https:\/\/haldenwang-werbegestaltung.de\/wp-content\/uploads\/2025\/10\/Gierth-Mobile-1-1.png 600w, https:\/\/haldenwang-werbegestaltung.de\/wp-content\/uploads\/2025\/10\/Gierth-Mobile-1-1-300x245.png 300w\" sizes=\"(max-width: 600px) 100vw, 600px\" \/><\/figure>\n\n\n\n<figure class=\"wp-block-image size-large\"><img loading=\"lazy\" decoding=\"async\" width=\"600\" height=\"490\" data-id=\"481\" src=\"https:\/\/haldenwang-werbegestaltung.de\/wp-content\/uploads\/2025\/10\/Gierth-Mobile-3-1.png\" alt=\"\" class=\"wp-image-481\" srcset=\"https:\/\/haldenwang-werbegestaltung.de\/wp-content\/uploads\/2025\/10\/Gierth-Mobile-3-1.png 600w, https:\/\/haldenwang-werbegestaltung.de\/wp-content\/uploads\/2025\/10\/Gierth-Mobile-3-1-300x245.png 300w\" sizes=\"(max-width: 600px) 100vw, 600px\" \/><\/figure>\n\n\n\n<figure class=\"wp-block-image size-large\"><img loading=\"lazy\" decoding=\"async\" width=\"600\" height=\"490\" data-id=\"487\" src=\"https:\/\/haldenwang-werbegestaltung.de\/wp-content\/uploads\/2025\/10\/Gierth-Mobile-4-1.png\" alt=\"\" class=\"wp-image-487\" srcset=\"https:\/\/haldenwang-werbegestaltung.de\/wp-content\/uploads\/2025\/10\/Gierth-Mobile-4-1.png 600w, https:\/\/haldenwang-werbegestaltung.de\/wp-content\/uploads\/2025\/10\/Gierth-Mobile-4-1-300x245.png 300w\" sizes=\"(max-width: 600px) 100vw, 600px\" \/><\/figure>\n\n\n\n<figure class=\"wp-block-image size-large\"><img loading=\"lazy\" decoding=\"async\" width=\"600\" height=\"490\" data-id=\"486\" src=\"https:\/\/haldenwang-werbegestaltung.de\/wp-content\/uploads\/2025\/10\/Gierth-Mobile-5-1.png\" alt=\"\" class=\"wp-image-486\" srcset=\"https:\/\/haldenwang-werbegestaltung.de\/wp-content\/uploads\/2025\/10\/Gierth-Mobile-5-1.png 600w, https:\/\/haldenwang-werbegestaltung.de\/wp-content\/uploads\/2025\/10\/Gierth-Mobile-5-1-300x245.png 300w\" sizes=\"(max-width: 600px) 100vw, 600px\" \/><\/figure>\n\n\n\n<figure class=\"wp-block-image size-large\"><img loading=\"lazy\" decoding=\"async\" width=\"600\" height=\"490\" data-id=\"482\" src=\"https:\/\/haldenwang-werbegestaltung.de\/wp-content\/uploads\/2025\/10\/Gierth-Mobile-6-1.png\" alt=\"\" class=\"wp-image-482\" srcset=\"https:\/\/haldenwang-werbegestaltung.de\/wp-content\/uploads\/2025\/10\/Gierth-Mobile-6-1.png 600w, https:\/\/haldenwang-werbegestaltung.de\/wp-content\/uploads\/2025\/10\/Gierth-Mobile-6-1-300x245.png 300w\" sizes=\"(max-width: 600px) 100vw, 600px\" \/><\/figure>\n\n\n\n<figure class=\"wp-block-image size-large\"><img loading=\"lazy\" decoding=\"async\" width=\"600\" height=\"490\" data-id=\"490\" src=\"https:\/\/haldenwang-werbegestaltung.de\/wp-content\/uploads\/2025\/10\/Gierth-Mobile-7-2.png\" alt=\"\" class=\"wp-image-490\" srcset=\"https:\/\/haldenwang-werbegestaltung.de\/wp-content\/uploads\/2025\/10\/Gierth-Mobile-7-2.png 600w, https:\/\/haldenwang-werbegestaltung.de\/wp-content\/uploads\/2025\/10\/Gierth-Mobile-7-2-300x245.png 300w\" sizes=\"(max-width: 600px) 100vw, 600px\" \/><\/figure>\n\n\n\n<figure class=\"wp-block-image size-large\"><img loading=\"lazy\" decoding=\"async\" width=\"600\" height=\"490\" data-id=\"488\" src=\"https:\/\/haldenwang-werbegestaltung.de\/wp-content\/uploads\/2025\/10\/Gierth-Mobile-8-1.png\" alt=\"\" class=\"wp-image-488\" srcset=\"https:\/\/haldenwang-werbegestaltung.de\/wp-content\/uploads\/2025\/10\/Gierth-Mobile-8-1.png 600w, https:\/\/haldenwang-werbegestaltung.de\/wp-content\/uploads\/2025\/10\/Gierth-Mobile-8-1-300x245.png 300w\" sizes=\"(max-width: 600px) 100vw, 600px\" \/><\/figure>\n<\/figure>\n\n\n\n<div style=\"height:47px\" aria-hidden=\"true\" class=\"wp-block-spacer\"><\/div>\n\n\n\n<figure class=\"wp-block-video\"><video controls src=\"https:\/\/haldenwang-werbegestaltung.de\/wp-content\/uploads\/2025\/10\/VID-20251019-WA0006.mp4\"><\/video><\/figure>\n<\/div>\n<\/div>\n\n\n\n<div class=\"wp-block-columns is-layout-flex wp-container-core-columns-is-layout-9d6595d7 wp-block-columns-is-layout-flex\">\n<div class=\"wp-block-column is-layout-flow wp-block-column-is-layout-flow\">\n<h3 class=\"wp-block-heading\">Weitere Projekte<\/h3>\n\n\n\n<figure class=\"wp-block-gallery has-nested-images columns-default is-cropped wp-block-gallery-4 is-layout-flex wp-block-gallery-is-layout-flex\">\n<figure class=\"wp-block-image size-large\"><img loading=\"lazy\" decoding=\"async\" width=\"600\" height=\"490\" data-id=\"514\" src=\"https:\/\/haldenwang-werbegestaltung.de\/wp-content\/uploads\/2025\/10\/Sonstiges.png\" alt=\"\" class=\"wp-image-514\" srcset=\"https:\/\/haldenwang-werbegestaltung.de\/wp-content\/uploads\/2025\/10\/Sonstiges.png 600w, https:\/\/haldenwang-werbegestaltung.de\/wp-content\/uploads\/2025\/10\/Sonstiges-300x245.png 300w\" sizes=\"(max-width: 600px) 100vw, 600px\" \/><\/figure>\n\n\n\n<figure class=\"wp-block-image size-large\"><img loading=\"lazy\" decoding=\"async\" width=\"600\" height=\"490\" data-id=\"508\" src=\"https:\/\/haldenwang-werbegestaltung.de\/wp-content\/uploads\/2025\/10\/Sonstiges-2.png\" alt=\"\" class=\"wp-image-508\" srcset=\"https:\/\/haldenwang-werbegestaltung.de\/wp-content\/uploads\/2025\/10\/Sonstiges-2.png 600w, https:\/\/haldenwang-werbegestaltung.de\/wp-content\/uploads\/2025\/10\/Sonstiges-2-300x245.png 300w\" sizes=\"(max-width: 600px) 100vw, 600px\" \/><\/figure>\n\n\n\n<figure class=\"wp-block-image size-large\"><img loading=\"lazy\" decoding=\"async\" width=\"600\" height=\"490\" data-id=\"512\" src=\"https:\/\/haldenwang-werbegestaltung.de\/wp-content\/uploads\/2025\/10\/Sonstiges-4.png\" alt=\"\" class=\"wp-image-512\" srcset=\"https:\/\/haldenwang-werbegestaltung.de\/wp-content\/uploads\/2025\/10\/Sonstiges-4.png 600w, https:\/\/haldenwang-werbegestaltung.de\/wp-content\/uploads\/2025\/10\/Sonstiges-4-300x245.png 300w\" sizes=\"(max-width: 600px) 100vw, 600px\" \/><\/figure>\n\n\n\n<figure class=\"wp-block-image size-large\"><img loading=\"lazy\" decoding=\"async\" width=\"600\" height=\"490\" data-id=\"511\" src=\"https:\/\/haldenwang-werbegestaltung.de\/wp-content\/uploads\/2025\/10\/Sonstiges-3.png\" alt=\"\" class=\"wp-image-511\" srcset=\"https:\/\/haldenwang-werbegestaltung.de\/wp-content\/uploads\/2025\/10\/Sonstiges-3.png 600w, https:\/\/haldenwang-werbegestaltung.de\/wp-content\/uploads\/2025\/10\/Sonstiges-3-300x245.png 300w\" sizes=\"(max-width: 600px) 100vw, 600px\" \/><\/figure>\n\n\n\n<figure class=\"wp-block-image size-large\"><img loading=\"lazy\" decoding=\"async\" width=\"600\" height=\"490\" data-id=\"510\" src=\"https:\/\/haldenwang-werbegestaltung.de\/wp-content\/uploads\/2025\/10\/Sonstiges-1.png\" alt=\"\" class=\"wp-image-510\" srcset=\"https:\/\/haldenwang-werbegestaltung.de\/wp-content\/uploads\/2025\/10\/Sonstiges-1.png 600w, https:\/\/haldenwang-werbegestaltung.de\/wp-content\/uploads\/2025\/10\/Sonstiges-1-300x245.png 300w\" sizes=\"(max-width: 600px) 100vw, 600px\" \/><\/figure>\n\n\n\n<figure class=\"wp-block-image size-large\"><img loading=\"lazy\" decoding=\"async\" width=\"600\" height=\"490\" data-id=\"513\" src=\"https:\/\/haldenwang-werbegestaltung.de\/wp-content\/uploads\/2025\/10\/Sonstiges-5.png\" alt=\"\" class=\"wp-image-513\" srcset=\"https:\/\/haldenwang-werbegestaltung.de\/wp-content\/uploads\/2025\/10\/Sonstiges-5.png 600w, https:\/\/haldenwang-werbegestaltung.de\/wp-content\/uploads\/2025\/10\/Sonstiges-5-300x245.png 300w\" sizes=\"(max-width: 600px) 100vw, 600px\" \/><\/figure>\n\n\n\n<figure class=\"wp-block-image size-large\"><img loading=\"lazy\" decoding=\"async\" width=\"600\" height=\"490\" data-id=\"509\" src=\"https:\/\/haldenwang-werbegestaltung.de\/wp-content\/uploads\/2025\/10\/Sonstiges-6.png\" alt=\"\" class=\"wp-image-509\" srcset=\"https:\/\/haldenwang-werbegestaltung.de\/wp-content\/uploads\/2025\/10\/Sonstiges-6.png 600w, https:\/\/haldenwang-werbegestaltung.de\/wp-content\/uploads\/2025\/10\/Sonstiges-6-300x245.png 300w\" sizes=\"(max-width: 600px) 100vw, 600px\" \/><\/figure>\n\n\n\n<figure class=\"wp-block-image size-large\"><img loading=\"lazy\" decoding=\"async\" width=\"600\" height=\"490\" data-id=\"515\" src=\"https:\/\/haldenwang-werbegestaltung.de\/wp-content\/uploads\/2025\/10\/Sonstiges-7.png\" alt=\"\" class=\"wp-image-515\" srcset=\"https:\/\/haldenwang-werbegestaltung.de\/wp-content\/uploads\/2025\/10\/Sonstiges-7.png 600w, https:\/\/haldenwang-werbegestaltung.de\/wp-content\/uploads\/2025\/10\/Sonstiges-7-300x245.png 300w\" sizes=\"(max-width: 600px) 100vw, 600px\" \/><\/figure>\n<\/figure>\n<\/div>\n<\/div>\n\n\n\n<div style=\"height:52px\" aria-hidden=\"true\" class=\"wp-block-spacer\"><\/div>\n\n\n\n<figure class=\"wp-block-video\"><video controls src=\"https:\/\/haldenwang-werbegestaltung.de\/wp-content\/uploads\/2025\/10\/WhatsApp-Video-2025-10-19-um-17.11.50_9d493c12.mp4\"><\/video><\/figure>\n\n\n\n<div style=\"height:55px\" aria-hidden=\"true\" class=\"wp-block-spacer\"><\/div>\n\n\n\n<h2 class=\"wp-block-heading\">Sie planen ein neues Projekt?<\/h2>\n\n\n\n<p>Wir beraten Sie gerne und finden die passende L\u00f6sung f\u00fcr Ihre Anwendung &#8211; funktional, langlebig und optisch \u00fcberzeugend.<\/p>\n\n\n\n<div class=\"wp-block-buttons is-layout-flex wp-block-buttons-is-layout-flex\">\n<div class=\"wp-block-button\"><a class=\"wp-block-button__link wp-element-button\" href=\"mailto:ok@haldenwang-werbegestaltung.de\">Jetzt Anfragen<\/a><\/div>\n<\/div>\n","protected":false},"excerpt":{"rendered":"<p>Ma\u00dfgeschneiderte Werbel\u00f6sungen &#8211; individuell geplant, pr\u00e4zise umgesetzt.In unserer Werkstatt bei Frankfurt am Main entwickeln wir seit 1993 Werbetechnik, die Eindruck hinterl\u00e4sst.Von der ersten Idee bis zur Montage betreuen wir Ihr Projekt pers\u00f6nlich und zuverl\u00e4ssig. Unsere Produkte im \u00dcberblick Realisierte Projekte Ob kleines Einzelst\u00fcck oder gro\u00dffl\u00e4chige Au\u00dfenwerbung &#8211; jedes Projekt wird bei uns mit h\u00f6chster Sorgfalt [&hellip;]<\/p>\n","protected":false},"author":1,"featured_media":0,"parent":0,"menu_order":0,"comment_status":"closed","ping_status":"closed","template":"","meta":{"om_disable_all_campaigns":false,"_monsterinsights_skip_tracking":false,"_monsterinsights_sitenote_active":false,"_monsterinsights_sitenote_note":"","_monsterinsights_sitenote_category":0,"ocean_post_layout":"full-width","ocean_both_sidebars_style":"","ocean_both_sidebars_content_width":0,"ocean_both_sidebars_sidebars_width":0,"ocean_sidebar":"","ocean_second_sidebar":"","ocean_disable_margins":"enable","ocean_add_body_class":"","ocean_shortcode_before_top_bar":"","ocean_shortcode_after_top_bar":"","ocean_shortcode_before_header":"","ocean_shortcode_after_header":"","ocean_has_shortcode":"","ocean_shortcode_after_title":"","ocean_shortcode_before_footer_widgets":"","ocean_shortcode_after_footer_widgets":"","ocean_shortcode_before_footer_bottom":"","ocean_shortcode_after_footer_bottom":"","ocean_display_top_bar":"default","ocean_display_header":"default","ocean_header_style":"","ocean_center_header_left_menu":"","ocean_custom_header_template":"","ocean_custom_logo":0,"ocean_custom_retina_logo":0,"ocean_custom_logo_max_width":0,"ocean_custom_logo_tablet_max_width":0,"ocean_custom_logo_mobile_max_width":0,"ocean_custom_logo_max_height":0,"ocean_custom_logo_tablet_max_height":0,"ocean_custom_logo_mobile_max_height":0,"ocean_header_custom_menu":"","ocean_menu_typo_font_family":"","ocean_menu_typo_font_subset":"","ocean_menu_typo_font_size":0,"ocean_menu_typo_font_size_tablet":0,"ocean_menu_typo_font_size_mobile":0,"ocean_menu_typo_font_size_unit":"px","ocean_menu_typo_font_weight":"","ocean_menu_typo_font_weight_tablet":"","ocean_menu_typo_font_weight_mobile":"","ocean_menu_typo_transform":"","ocean_menu_typo_transform_tablet":"","ocean_menu_typo_transform_mobile":"","ocean_menu_typo_line_height":0,"ocean_menu_typo_line_height_tablet":0,"ocean_menu_typo_line_height_mobile":0,"ocean_menu_typo_line_height_unit":"","ocean_menu_typo_spacing":0,"ocean_menu_typo_spacing_tablet":0,"ocean_menu_typo_spacing_mobile":0,"ocean_menu_typo_spacing_unit":"","ocean_menu_link_color":"","ocean_menu_link_color_hover":"","ocean_menu_link_color_active":"","ocean_menu_link_background":"","ocean_menu_link_hover_background":"","ocean_menu_link_active_background":"","ocean_menu_social_links_bg":"","ocean_menu_social_hover_links_bg":"","ocean_menu_social_links_color":"","ocean_menu_social_hover_links_color":"","ocean_disable_title":"default","ocean_disable_heading":"default","ocean_post_title":"","ocean_post_subheading":"","ocean_post_title_style":"","ocean_post_title_background_color":"","ocean_post_title_background":0,"ocean_post_title_bg_image_position":"","ocean_post_title_bg_image_attachment":"","ocean_post_title_bg_image_repeat":"","ocean_post_title_bg_image_size":"","ocean_post_title_height":0,"ocean_post_title_bg_overlay":0.5,"ocean_post_title_bg_overlay_color":"","ocean_disable_breadcrumbs":"default","ocean_breadcrumbs_color":"","ocean_breadcrumbs_separator_color":"","ocean_breadcrumbs_links_color":"","ocean_breadcrumbs_links_hover_color":"","ocean_display_footer_widgets":"default","ocean_display_footer_bottom":"default","ocean_custom_footer_template":"","footnotes":""},"class_list":["post-449","page","type-page","status-publish","hentry","entry"],"aioseo_notices":[],"_links":{"self":[{"href":"https:\/\/haldenwang-werbegestaltung.de\/index.php?rest_route=\/wp\/v2\/pages\/449","targetHints":{"allow":["GET"]}}],"collection":[{"href":"https:\/\/haldenwang-werbegestaltung.de\/index.php?rest_route=\/wp\/v2\/pages"}],"about":[{"href":"https:\/\/haldenwang-werbegestaltung.de\/index.php?rest_route=\/wp\/v2\/types\/page"}],"author":[{"embeddable":true,"href":"https:\/\/haldenwang-werbegestaltung.de\/index.php?rest_route=\/wp\/v2\/users\/1"}],"replies":[{"embeddable":true,"href":"https:\/\/haldenwang-werbegestaltung.de\/index.php?rest_route=%2Fwp%2Fv2%2Fcomments&post=449"}],"version-history":[{"count":17,"href":"https:\/\/haldenwang-werbegestaltung.de\/index.php?rest_route=\/wp\/v2\/pages\/449\/revisions"}],"predecessor-version":[{"id":523,"href":"https:\/\/haldenwang-werbegestaltung.de\/index.php?rest_route=\/wp\/v2\/pages\/449\/revisions\/523"}],"wp:attachment":[{"href":"https:\/\/haldenwang-werbegestaltung.de\/index.php?rest_route=%2Fwp%2Fv2%2Fmedia&parent=449"}],"curies":[{"name":"wp","href":"https:\/\/api.w.org\/{rel}","templated":true}]}}