{"id":269,"date":"2025-06-28T12:41:56","date_gmt":"2025-06-28T12:41:56","guid":{"rendered":"http:\/\/werbidu.de\/?page_id=269"},"modified":"2025-07-24T17:29:07","modified_gmt":"2025-07-24T17:29:07","slug":"gravuren","status":"publish","type":"page","link":"https:\/\/haldenwang-werbegestaltung.de\/?page_id=269","title":{"rendered":"Gravuren"},"content":{"rendered":"\n<div class=\"wp-block-columns is-layout-flex wp-container-core-columns-is-layout-9d6595d7 wp-block-columns-is-layout-flex\">\n<div class=\"wp-block-column is-layout-flow wp-block-column-is-layout-flow\" style=\"flex-basis:66.66%\">\n<p>Pr\u00e4zise Gravuren f\u00fcr Industrie &amp; Privatkunden \u2013 auf Metall, Kunststoff, Holz &amp; mehr<\/p>\n\n\n\n<p>Wir bieten professionelle <strong>Gravuren f\u00fcr industrielle Anwendungen und Endkunden<\/strong> \u2013 pr\u00e4zise, langlebig und vielseitig einsetzbar.<\/p>\n\n\n\n<p><strong>Kurzfristige Produktionen m\u00f6glich<\/strong><\/p>\n\n\n\n<h4 class=\"wp-block-heading\">Gravur-Materialien:<\/h4>\n\n\n\n<ul class=\"wp-block-list\">\n<li><strong>Metall<\/strong> (z.\u202fB. Aluminium, Edelstahl)<\/li>\n\n\n\n<li><strong>Kunststoff<\/strong><\/li>\n\n\n\n<li><strong>Holz<\/strong>, <strong>Stein<\/strong>, <strong>Keramik<\/strong> und weitere Materialien<\/li>\n<\/ul>\n\n\n\n<h4 class=\"wp-block-heading\">Anwendungsbereiche:<\/h4>\n\n\n\n<ul class=\"wp-block-list\">\n<li><strong>Typenschilder<\/strong> &amp; <strong>Seriennummern<\/strong><\/li>\n\n\n\n<li><strong>Logos<\/strong>, <strong>Ornamente<\/strong>, <strong>Pokale<\/strong><\/li>\n\n\n\n<li><strong>Serialisierung<\/strong>, <strong>Barcode<\/strong> &amp; <strong>QR-Code-Gravur<\/strong><\/li>\n\n\n\n<li><strong>Markieren von Metallteilen aller Art <\/strong>Motorradteile Messer Anh\u00e4nger Werkzeugteile&#8230;<\/li>\n\n\n\n<li><strong>Individuelle Gravuren<\/strong> f\u00fcr private Geschenke oder Gesch\u00e4ftsausstattungen Weinflaschen Gl\u00e4ser Keramik Kunststoffteile&#8230;<\/li>\n\n\n\n<li><strong>Gravur &#8211; Service f\u00fcr B\u00fcchsenmacher<\/strong><\/li>\n<\/ul>\n\n\n\n<p><strong>Hochpr\u00e4zise Graviertechnik<\/strong> \u2013 ideal f\u00fcr langlebige Beschriftungen, Werbemittel oder funktionale Kennzeichnungen.<\/p>\n\n\n\n<p>Jetzt unverbindlich anfragen \u2013 wir beraten Sie gern zu Materialien und Umsetzung!<\/p>\n\n\n\n<div class=\"wp-block-buttons is-layout-flex wp-block-buttons-is-layout-flex\">\n<div class=\"wp-block-button\"><a class=\"wp-block-button__link wp-element-button\" href=\"mailto:ok@haldenwang-werbegestaltung.de\">Jetzt Anfragen<\/a><\/div>\n<\/div>\n\n\n\n<div style=\"height:48px\" aria-hidden=\"true\" class=\"wp-block-spacer\"><\/div>\n<\/div>\n\n\n\n<div class=\"wp-block-column is-layout-flow wp-block-column-is-layout-flow\" style=\"flex-basis:33.33%\">\n<div style=\"height:37px\" aria-hidden=\"true\" class=\"wp-block-spacer\"><\/div>\n\n\n\n<figure class=\"wp-block-video\"><video autoplay controls muted src=\"https:\/\/haldenwang-werbegestaltung.de\/wp-content\/uploads\/2019\/11\/Laserschneiden-YouTube-Full-HD-1080p.mp4\"><\/video><\/figure>\n\n\n\n<figure class=\"wp-block-video\"><video autoplay controls loop muted src=\"https:\/\/haldenwang-werbegestaltung.de\/wp-content\/uploads\/2025\/07\/20191031_134240.mp4\"><\/video><\/figure>\n\n\n\n<figure class=\"wp-block-image size-large\"><img fetchpriority=\"high\" decoding=\"async\" width=\"1024\" height=\"983\" src=\"https:\/\/haldenwang-werbegestaltung.de\/wp-content\/uploads\/2025\/07\/20250724_153340-1024x983.jpg\" alt=\"\" class=\"wp-image-444\" srcset=\"https:\/\/haldenwang-werbegestaltung.de\/wp-content\/uploads\/2025\/07\/20250724_153340-1024x983.jpg 1024w, https:\/\/haldenwang-werbegestaltung.de\/wp-content\/uploads\/2025\/07\/20250724_153340-300x288.jpg 300w, https:\/\/haldenwang-werbegestaltung.de\/wp-content\/uploads\/2025\/07\/20250724_153340-768x737.jpg 768w, https:\/\/haldenwang-werbegestaltung.de\/wp-content\/uploads\/2025\/07\/20250724_153340-1536x1474.jpg 1536w, https:\/\/haldenwang-werbegestaltung.de\/wp-content\/uploads\/2025\/07\/20250724_153340-2048x1966.jpg 2048w\" sizes=\"(max-width: 1024px) 100vw, 1024px\" \/><\/figure>\n<\/div>\n<\/div>\n\n\n\n<figure class=\"wp-block-image size-large\"><img decoding=\"async\" width=\"1024\" height=\"998\" src=\"https:\/\/haldenwang-werbegestaltung.de\/wp-content\/uploads\/2025\/07\/20250724_174821-1024x998.jpg\" alt=\"\" class=\"wp-image-445\" srcset=\"https:\/\/haldenwang-werbegestaltung.de\/wp-content\/uploads\/2025\/07\/20250724_174821-1024x998.jpg 1024w, https:\/\/haldenwang-werbegestaltung.de\/wp-content\/uploads\/2025\/07\/20250724_174821-300x292.jpg 300w, https:\/\/haldenwang-werbegestaltung.de\/wp-content\/uploads\/2025\/07\/20250724_174821-768x748.jpg 768w, https:\/\/haldenwang-werbegestaltung.de\/wp-content\/uploads\/2025\/07\/20250724_174821-1536x1497.jpg 1536w, https:\/\/haldenwang-werbegestaltung.de\/wp-content\/uploads\/2025\/07\/20250724_174821.jpg 1716w\" sizes=\"(max-width: 1024px) 100vw, 1024px\" \/><\/figure>\n\n\n\n<figure class=\"wp-block-gallery has-nested-images columns-default is-cropped wp-block-gallery-1 is-layout-flex wp-block-gallery-is-layout-flex\">\n<figure class=\"wp-block-image size-large\"><img decoding=\"async\" width=\"600\" height=\"490\" data-id=\"327\" src=\"https:\/\/haldenwang-werbegestaltung.de\/wp-content\/uploads\/2025\/07\/Gravuren-\u2013-1.png\" alt=\"\" class=\"wp-image-327\" srcset=\"https:\/\/haldenwang-werbegestaltung.de\/wp-content\/uploads\/2025\/07\/Gravuren-\u2013-1.png 600w, https:\/\/haldenwang-werbegestaltung.de\/wp-content\/uploads\/2025\/07\/Gravuren-\u2013-1-300x245.png 300w\" sizes=\"(max-width: 600px) 100vw, 600px\" \/><\/figure>\n\n\n\n<figure class=\"wp-block-image size-large\"><img loading=\"lazy\" decoding=\"async\" width=\"600\" height=\"490\" data-id=\"330\" src=\"https:\/\/haldenwang-werbegestaltung.de\/wp-content\/uploads\/2025\/07\/Gravuren-\u2013-2.png\" alt=\"\" class=\"wp-image-330\" srcset=\"https:\/\/haldenwang-werbegestaltung.de\/wp-content\/uploads\/2025\/07\/Gravuren-\u2013-2.png 600w, https:\/\/haldenwang-werbegestaltung.de\/wp-content\/uploads\/2025\/07\/Gravuren-\u2013-2-300x245.png 300w\" sizes=\"(max-width: 600px) 100vw, 600px\" \/><\/figure>\n\n\n\n<figure class=\"wp-block-image size-large\"><img loading=\"lazy\" decoding=\"async\" width=\"1024\" height=\"768\" data-id=\"393\" src=\"https:\/\/haldenwang-werbegestaltung.de\/wp-content\/uploads\/2025\/07\/20191031_140156-1024x768.jpg\" alt=\"\" class=\"wp-image-393\" srcset=\"https:\/\/haldenwang-werbegestaltung.de\/wp-content\/uploads\/2025\/07\/20191031_140156-1024x768.jpg 1024w, https:\/\/haldenwang-werbegestaltung.de\/wp-content\/uploads\/2025\/07\/20191031_140156-300x225.jpg 300w, https:\/\/haldenwang-werbegestaltung.de\/wp-content\/uploads\/2025\/07\/20191031_140156-768x576.jpg 768w, https:\/\/haldenwang-werbegestaltung.de\/wp-content\/uploads\/2025\/07\/20191031_140156-1536x1152.jpg 1536w, https:\/\/haldenwang-werbegestaltung.de\/wp-content\/uploads\/2025\/07\/20191031_140156-2048x1536.jpg 2048w\" sizes=\"(max-width: 1024px) 100vw, 1024px\" \/><\/figure>\n\n\n\n<figure class=\"wp-block-image size-large is-style-default\"><img loading=\"lazy\" decoding=\"async\" width=\"768\" height=\"1024\" data-id=\"392\" src=\"https:\/\/haldenwang-werbegestaltung.de\/wp-content\/uploads\/2025\/07\/20250709_145255-768x1024.jpg\" alt=\"\" class=\"wp-image-392\" srcset=\"https:\/\/haldenwang-werbegestaltung.de\/wp-content\/uploads\/2025\/07\/20250709_145255-768x1024.jpg 768w, https:\/\/haldenwang-werbegestaltung.de\/wp-content\/uploads\/2025\/07\/20250709_145255-225x300.jpg 225w, https:\/\/haldenwang-werbegestaltung.de\/wp-content\/uploads\/2025\/07\/20250709_145255-1152x1536.jpg 1152w, https:\/\/haldenwang-werbegestaltung.de\/wp-content\/uploads\/2025\/07\/20250709_145255-1536x2048.jpg 1536w, https:\/\/haldenwang-werbegestaltung.de\/wp-content\/uploads\/2025\/07\/20250709_145255-scaled.jpg 1920w\" sizes=\"(max-width: 768px) 100vw, 768px\" \/><\/figure>\n\n\n\n<figure class=\"wp-block-image size-large\"><img loading=\"lazy\" decoding=\"async\" width=\"600\" height=\"490\" data-id=\"331\" src=\"https:\/\/haldenwang-werbegestaltung.de\/wp-content\/uploads\/2025\/07\/Gravuren.png\" alt=\"\" class=\"wp-image-331\" srcset=\"https:\/\/haldenwang-werbegestaltung.de\/wp-content\/uploads\/2025\/07\/Gravuren.png 600w, https:\/\/haldenwang-werbegestaltung.de\/wp-content\/uploads\/2025\/07\/Gravuren-300x245.png 300w\" sizes=\"(max-width: 600px) 100vw, 600px\" \/><\/figure>\n<\/figure>\n\n\n\n<p><\/p>\n","protected":false},"excerpt":{"rendered":"<p>Pr\u00e4zise Gravuren f\u00fcr Industrie &amp; Privatkunden \u2013 auf Metall, Kunststoff, Holz &amp; mehr Wir bieten professionelle Gravuren f\u00fcr industrielle Anwendungen und Endkunden \u2013 pr\u00e4zise, langlebig und vielseitig einsetzbar. Kurzfristige Produktionen m\u00f6glich Gravur-Materialien: Anwendungsbereiche: Hochpr\u00e4zise Graviertechnik \u2013 ideal f\u00fcr langlebige Beschriftungen, Werbemittel oder funktionale Kennzeichnungen. Jetzt unverbindlich anfragen \u2013 wir beraten Sie gern zu Materialien und [&hellip;]<\/p>\n","protected":false},"author":1,"featured_media":0,"parent":0,"menu_order":0,"comment_status":"closed","ping_status":"closed","template":"","meta":{"om_disable_all_campaigns":false,"_monsterinsights_skip_tracking":false,"_monsterinsights_sitenote_active":false,"_monsterinsights_sitenote_note":"","_monsterinsights_sitenote_category":0,"ocean_post_layout":"full-width","ocean_both_sidebars_style":"","ocean_both_sidebars_content_width":0,"ocean_both_sidebars_sidebars_width":0,"ocean_sidebar":"0","ocean_second_sidebar":"0","ocean_disable_margins":"enable","ocean_add_body_class":"","ocean_shortcode_before_top_bar":"","ocean_shortcode_after_top_bar":"","ocean_shortcode_before_header":"","ocean_shortcode_after_header":"","ocean_has_shortcode":"","ocean_shortcode_after_title":"","ocean_shortcode_before_footer_widgets":"","ocean_shortcode_after_footer_widgets":"","ocean_shortcode_before_footer_bottom":"","ocean_shortcode_after_footer_bottom":"","ocean_display_top_bar":"default","ocean_display_header":"default","ocean_header_style":"","ocean_center_header_left_menu":"0","ocean_custom_header_template":"0","ocean_custom_logo":0,"ocean_custom_retina_logo":0,"ocean_custom_logo_max_width":0,"ocean_custom_logo_tablet_max_width":0,"ocean_custom_logo_mobile_max_width":0,"ocean_custom_logo_max_height":0,"ocean_custom_logo_tablet_max_height":0,"ocean_custom_logo_mobile_max_height":0,"ocean_header_custom_menu":"0","ocean_menu_typo_font_family":"0","ocean_menu_typo_font_subset":"","ocean_menu_typo_font_size":0,"ocean_menu_typo_font_size_tablet":0,"ocean_menu_typo_font_size_mobile":0,"ocean_menu_typo_font_size_unit":"px","ocean_menu_typo_font_weight":"","ocean_menu_typo_font_weight_tablet":"","ocean_menu_typo_font_weight_mobile":"","ocean_menu_typo_transform":"","ocean_menu_typo_transform_tablet":"","ocean_menu_typo_transform_mobile":"","ocean_menu_typo_line_height":0,"ocean_menu_typo_line_height_tablet":0,"ocean_menu_typo_line_height_mobile":0,"ocean_menu_typo_line_height_unit":"","ocean_menu_typo_spacing":0,"ocean_menu_typo_spacing_tablet":0,"ocean_menu_typo_spacing_mobile":0,"ocean_menu_typo_spacing_unit":"","ocean_menu_link_color":"","ocean_menu_link_color_hover":"","ocean_menu_link_color_active":"","ocean_menu_link_background":"","ocean_menu_link_hover_background":"","ocean_menu_link_active_background":"","ocean_menu_social_links_bg":"","ocean_menu_social_hover_links_bg":"","ocean_menu_social_links_color":"","ocean_menu_social_hover_links_color":"","ocean_disable_title":"default","ocean_disable_heading":"default","ocean_post_title":"","ocean_post_subheading":"","ocean_post_title_style":"","ocean_post_title_background_color":"","ocean_post_title_background":0,"ocean_post_title_bg_image_position":"","ocean_post_title_bg_image_attachment":"","ocean_post_title_bg_image_repeat":"","ocean_post_title_bg_image_size":"","ocean_post_title_height":0,"ocean_post_title_bg_overlay":0.5,"ocean_post_title_bg_overlay_color":"","ocean_disable_breadcrumbs":"default","ocean_breadcrumbs_color":"","ocean_breadcrumbs_separator_color":"","ocean_breadcrumbs_links_color":"","ocean_breadcrumbs_links_hover_color":"","ocean_display_footer_widgets":"default","ocean_display_footer_bottom":"default","ocean_custom_footer_template":"0","footnotes":""},"class_list":["post-269","page","type-page","status-publish","hentry","entry"],"aioseo_notices":[],"_links":{"self":[{"href":"https:\/\/haldenwang-werbegestaltung.de\/index.php?rest_route=\/wp\/v2\/pages\/269","targetHints":{"allow":["GET"]}}],"collection":[{"href":"https:\/\/haldenwang-werbegestaltung.de\/index.php?rest_route=\/wp\/v2\/pages"}],"about":[{"href":"https:\/\/haldenwang-werbegestaltung.de\/index.php?rest_route=\/wp\/v2\/types\/page"}],"author":[{"embeddable":true,"href":"https:\/\/haldenwang-werbegestaltung.de\/index.php?rest_route=\/wp\/v2\/users\/1"}],"replies":[{"embeddable":true,"href":"https:\/\/haldenwang-werbegestaltung.de\/index.php?rest_route=%2Fwp%2Fv2%2Fcomments&post=269"}],"version-history":[{"count":17,"href":"https:\/\/haldenwang-werbegestaltung.de\/index.php?rest_route=\/wp\/v2\/pages\/269\/revisions"}],"predecessor-version":[{"id":446,"href":"https:\/\/haldenwang-werbegestaltung.de\/index.php?rest_route=\/wp\/v2\/pages\/269\/revisions\/446"}],"wp:attachment":[{"href":"https:\/\/haldenwang-werbegestaltung.de\/index.php?rest_route=%2Fwp%2Fv2%2Fmedia&parent=269"}],"curies":[{"name":"wp","href":"https:\/\/api.w.org\/{rel}","templated":true}]}}