{"id":235,"date":"2025-06-28T11:18:08","date_gmt":"2025-06-28T11:18:08","guid":{"rendered":"http:\/\/werbidu.de\/?page_id=235"},"modified":"2025-07-22T11:25:24","modified_gmt":"2025-07-22T11:25:24","slug":"digitaldruck","status":"publish","type":"page","link":"https:\/\/haldenwang-werbegestaltung.de\/?page_id=235","title":{"rendered":"Digitaldruck"},"content":{"rendered":"\n<h3 class=\"wp-block-heading\">Hochwertiger Solventdruck auf Folien, PVC Banner &amp; mehr gerne auch zur Weiterverarbeitung<\/h3>\n\n\n\n<p>Wir bieten professionellen <strong>Solventdruck (L\u00f6semitteldruck)<\/strong> auf verschiedenen Materialien wie <strong>Folien<\/strong>, <strong>PVC-Bannern<\/strong>, <strong>Papier<\/strong>, <strong>Kunststoff-Displays<\/strong>, <strong>Popup-Systemen<\/strong> und vielem mehr \u2013 ideal f\u00fcr <strong>Innen- und Au\u00dfeneins\u00e4tze<\/strong> <strong>mit langlebiger Farbbrillianz<\/strong>.<\/p>\n\n\n\n<h4 class=\"wp-block-heading\">Ihre Vorteile auf einen Blick:<\/h4>\n\n\n\n<ul class=\"wp-block-list\">\n<li><strong>4C-Druck in Euroskala<\/strong> \u2013 brillante Farben und hohe Aufl\u00f6sung<\/li>\n\n\n\n<li><strong>Kurzfristige Produktionen m\u00f6glich<\/strong><\/li>\n\n\n\n<li><strong>Robuste Druckqualit\u00e4t f\u00fcr den Au\u00dfenbereich<\/strong> \u2013 mit <strong>UV-Schutzlaminat<\/strong> (gl\u00e4nzend oder matt)<\/li>\n\n\n\n<li><strong>Lange Haltbarkeit<\/strong> \u2013 ideal f\u00fcr <strong>KFZ-Beschriftungen<\/strong>, <strong>Schilder<\/strong> und <strong>mehr<\/strong><\/li>\n\n\n\n<li><strong>Mittelfristige Qualit\u00e4t<\/strong> \u2013 perfekt f\u00fcr den <strong>Messebau<\/strong>, <strong>Events<\/strong> oder <strong>Promotion-Aktionen<\/strong><\/li>\n<\/ul>\n\n\n\n<p><strong>Einfach Druckdaten senden \u2013 wir k\u00fcmmern uns um den Rest!<\/strong><br>Kontaktieren Sie uns jetzt f\u00fcr ein unverbindliches Angebot.<\/p>\n\n\n\n<div class=\"wp-block-buttons is-layout-flex wp-block-buttons-is-layout-flex\">\n<div class=\"wp-block-button\"><a class=\"wp-block-button__link wp-element-button\" href=\"mailto:ok@haldenwang-werbegestaltung.de\">Jetzt Anfragen<\/a><\/div>\n<\/div>\n\n\n\n<div style=\"height:46px\" aria-hidden=\"true\" class=\"wp-block-spacer\"><\/div>\n\n\n\n<figure class=\"wp-block-gallery has-nested-images columns-default is-cropped wp-block-gallery-1 is-layout-flex wp-block-gallery-is-layout-flex\">\n<figure class=\"wp-block-image size-large\"><img fetchpriority=\"high\" decoding=\"async\" width=\"600\" height=\"490\" data-id=\"352\" src=\"https:\/\/haldenwang-werbegestaltung.de\/wp-content\/uploads\/2025\/07\/Digitaldruck.png\" alt=\"\" class=\"wp-image-352\" srcset=\"https:\/\/haldenwang-werbegestaltung.de\/wp-content\/uploads\/2025\/07\/Digitaldruck.png 600w, https:\/\/haldenwang-werbegestaltung.de\/wp-content\/uploads\/2025\/07\/Digitaldruck-300x245.png 300w\" sizes=\"(max-width: 600px) 100vw, 600px\" \/><\/figure>\n\n\n\n<figure class=\"wp-block-image size-large\"><img decoding=\"async\" width=\"600\" height=\"490\" data-id=\"354\" src=\"https:\/\/haldenwang-werbegestaltung.de\/wp-content\/uploads\/2025\/07\/Digitaldruck-1.png\" alt=\"\" class=\"wp-image-354\" srcset=\"https:\/\/haldenwang-werbegestaltung.de\/wp-content\/uploads\/2025\/07\/Digitaldruck-1.png 600w, https:\/\/haldenwang-werbegestaltung.de\/wp-content\/uploads\/2025\/07\/Digitaldruck-1-300x245.png 300w\" sizes=\"(max-width: 600px) 100vw, 600px\" \/><\/figure>\n\n\n\n<figure class=\"wp-block-image size-large\"><img decoding=\"async\" width=\"600\" height=\"490\" data-id=\"350\" src=\"https:\/\/haldenwang-werbegestaltung.de\/wp-content\/uploads\/2025\/07\/Digitaldruck-2.png\" alt=\"\" class=\"wp-image-350\" srcset=\"https:\/\/haldenwang-werbegestaltung.de\/wp-content\/uploads\/2025\/07\/Digitaldruck-2.png 600w, https:\/\/haldenwang-werbegestaltung.de\/wp-content\/uploads\/2025\/07\/Digitaldruck-2-300x245.png 300w\" sizes=\"(max-width: 600px) 100vw, 600px\" \/><\/figure>\n\n\n\n<figure class=\"wp-block-image size-large\"><img loading=\"lazy\" decoding=\"async\" width=\"600\" height=\"490\" data-id=\"351\" src=\"https:\/\/haldenwang-werbegestaltung.de\/wp-content\/uploads\/2025\/07\/Digitaldruck-3.png\" alt=\"\" class=\"wp-image-351\" srcset=\"https:\/\/haldenwang-werbegestaltung.de\/wp-content\/uploads\/2025\/07\/Digitaldruck-3.png 600w, https:\/\/haldenwang-werbegestaltung.de\/wp-content\/uploads\/2025\/07\/Digitaldruck-3-300x245.png 300w\" sizes=\"(max-width: 600px) 100vw, 600px\" \/><\/figure>\n\n\n\n<figure class=\"wp-block-image size-large\"><img loading=\"lazy\" decoding=\"async\" width=\"600\" height=\"490\" data-id=\"353\" src=\"https:\/\/haldenwang-werbegestaltung.de\/wp-content\/uploads\/2025\/07\/Digitaldruck-4-1.png\" alt=\"\" class=\"wp-image-353\" srcset=\"https:\/\/haldenwang-werbegestaltung.de\/wp-content\/uploads\/2025\/07\/Digitaldruck-4-1.png 600w, https:\/\/haldenwang-werbegestaltung.de\/wp-content\/uploads\/2025\/07\/Digitaldruck-4-1-300x245.png 300w\" sizes=\"(max-width: 600px) 100vw, 600px\" \/><\/figure>\n\n\n\n<figure class=\"wp-block-image size-large\"><img loading=\"lazy\" decoding=\"async\" width=\"600\" height=\"490\" data-id=\"355\" src=\"https:\/\/haldenwang-werbegestaltung.de\/wp-content\/uploads\/2025\/07\/Digitaldruck-5.png\" alt=\"\" class=\"wp-image-355\" srcset=\"https:\/\/haldenwang-werbegestaltung.de\/wp-content\/uploads\/2025\/07\/Digitaldruck-5.png 600w, https:\/\/haldenwang-werbegestaltung.de\/wp-content\/uploads\/2025\/07\/Digitaldruck-5-300x245.png 300w\" sizes=\"(max-width: 600px) 100vw, 600px\" \/><\/figure>\n<\/figure>\n\n\n\n<details class=\"wp-block-details is-layout-flow wp-block-details-is-layout-flow\"><summary><\/summary>\n<div class=\"wp-block-cover is-light has-custom-content-position is-position-top-right\" style=\"min-height:574px;aspect-ratio:unset;\"><video class=\"wp-block-cover__video-background intrinsic-ignore\" autoplay muted loop playsinline src=\"https:\/\/haldenwang-werbegestaltung.de\/wp-content\/uploads\/2025\/07\/20250703_125955-2.mp4\" style=\"object-position:31% 38%\" data-object-fit=\"cover\" data-object-position=\"31% 38%\"><\/video><span aria-hidden=\"true\" class=\"wp-block-cover__background has-background-dim-0 has-background-dim\" style=\"background-color:#FFF\"><\/span><div class=\"wp-block-cover__inner-container is-layout-flow wp-block-cover-is-layout-flow\">\n<p class=\"has-text-align-center has-large-font-size\"><\/p>\n<\/div><\/div>\n<\/details>\n\n\n\n<div class=\"wp-block-cover is-light\" style=\"min-height:472px;aspect-ratio:unset;\"><video class=\"wp-block-cover__video-background intrinsic-ignore\" autoplay muted loop playsinline src=\"https:\/\/haldenwang-werbegestaltung.de\/wp-content\/uploads\/2025\/07\/WhatsApp-Video-2025-06-28-um-17.38.41_9d61416a.mp4\" data-object-fit=\"cover\"><\/video><span aria-hidden=\"true\" class=\"wp-block-cover__background has-background-dim-0 has-background-dim\" style=\"background-color:#FFF\"><\/span><div class=\"wp-block-cover__inner-container is-layout-flow wp-block-cover-is-layout-flow\">\n<p class=\"has-text-align-center has-large-font-size\"><\/p>\n<\/div><\/div>\n\n\n\n<div class=\"wp-block-cover is-light\" style=\"min-height:472px;aspect-ratio:unset;\"><video class=\"wp-block-cover__video-background intrinsic-ignore\" autoplay muted loop playsinline src=\"https:\/\/haldenwang-werbegestaltung.de\/wp-content\/uploads\/2025\/07\/20250703_125955-6.mp4\" data-object-fit=\"cover\"><\/video><span aria-hidden=\"true\" class=\"wp-block-cover__background has-background-dim-0 has-background-dim\" style=\"background-color:#FFF\"><\/span><div class=\"wp-block-cover__inner-container is-layout-flow wp-block-cover-is-layout-flow\">\n<p class=\"has-text-align-center has-large-font-size\"><\/p>\n<\/div><\/div>\n\n\n\n<p><\/p>\n","protected":false},"excerpt":{"rendered":"<p>Hochwertiger Solventdruck auf Folien, PVC Banner &amp; mehr gerne auch zur Weiterverarbeitung Wir bieten professionellen Solventdruck (L\u00f6semitteldruck) auf verschiedenen Materialien wie Folien, PVC-Bannern, Papier, Kunststoff-Displays, Popup-Systemen und vielem mehr \u2013 ideal f\u00fcr Innen- und Au\u00dfeneins\u00e4tze mit langlebiger Farbbrillianz. Ihre Vorteile auf einen Blick: Einfach Druckdaten senden \u2013 wir k\u00fcmmern uns um den Rest!Kontaktieren Sie uns [&hellip;]<\/p>\n","protected":false},"author":1,"featured_media":0,"parent":0,"menu_order":0,"comment_status":"closed","ping_status":"closed","template":"","meta":{"om_disable_all_campaigns":false,"_monsterinsights_skip_tracking":false,"_monsterinsights_sitenote_active":false,"_monsterinsights_sitenote_note":"","_monsterinsights_sitenote_category":0,"ocean_post_layout":"full-width","ocean_both_sidebars_style":"","ocean_both_sidebars_content_width":0,"ocean_both_sidebars_sidebars_width":0,"ocean_sidebar":"0","ocean_second_sidebar":"0","ocean_disable_margins":"enable","ocean_add_body_class":"","ocean_shortcode_before_top_bar":"","ocean_shortcode_after_top_bar":"","ocean_shortcode_before_header":"","ocean_shortcode_after_header":"","ocean_has_shortcode":"","ocean_shortcode_after_title":"","ocean_shortcode_before_footer_widgets":"","ocean_shortcode_after_footer_widgets":"","ocean_shortcode_before_footer_bottom":"","ocean_shortcode_after_footer_bottom":"","ocean_display_top_bar":"default","ocean_display_header":"default","ocean_header_style":"","ocean_center_header_left_menu":"0","ocean_custom_header_template":"0","ocean_custom_logo":0,"ocean_custom_retina_logo":0,"ocean_custom_logo_max_width":0,"ocean_custom_logo_tablet_max_width":0,"ocean_custom_logo_mobile_max_width":0,"ocean_custom_logo_max_height":0,"ocean_custom_logo_tablet_max_height":0,"ocean_custom_logo_mobile_max_height":0,"ocean_header_custom_menu":"0","ocean_menu_typo_font_family":"0","ocean_menu_typo_font_subset":"","ocean_menu_typo_font_size":0,"ocean_menu_typo_font_size_tablet":0,"ocean_menu_typo_font_size_mobile":0,"ocean_menu_typo_font_size_unit":"px","ocean_menu_typo_font_weight":"","ocean_menu_typo_font_weight_tablet":"","ocean_menu_typo_font_weight_mobile":"","ocean_menu_typo_transform":"","ocean_menu_typo_transform_tablet":"","ocean_menu_typo_transform_mobile":"","ocean_menu_typo_line_height":0,"ocean_menu_typo_line_height_tablet":0,"ocean_menu_typo_line_height_mobile":0,"ocean_menu_typo_line_height_unit":"","ocean_menu_typo_spacing":0,"ocean_menu_typo_spacing_tablet":0,"ocean_menu_typo_spacing_mobile":0,"ocean_menu_typo_spacing_unit":"","ocean_menu_link_color":"","ocean_menu_link_color_hover":"","ocean_menu_link_color_active":"","ocean_menu_link_background":"","ocean_menu_link_hover_background":"","ocean_menu_link_active_background":"","ocean_menu_social_links_bg":"","ocean_menu_social_hover_links_bg":"","ocean_menu_social_links_color":"","ocean_menu_social_hover_links_color":"","ocean_disable_title":"default","ocean_disable_heading":"default","ocean_post_title":"","ocean_post_subheading":"","ocean_post_title_style":"","ocean_post_title_background_color":"","ocean_post_title_background":0,"ocean_post_title_bg_image_position":"","ocean_post_title_bg_image_attachment":"","ocean_post_title_bg_image_repeat":"","ocean_post_title_bg_image_size":"","ocean_post_title_height":0,"ocean_post_title_bg_overlay":0.5,"ocean_post_title_bg_overlay_color":"","ocean_disable_breadcrumbs":"default","ocean_breadcrumbs_color":"","ocean_breadcrumbs_separator_color":"","ocean_breadcrumbs_links_color":"","ocean_breadcrumbs_links_hover_color":"","ocean_display_footer_widgets":"default","ocean_display_footer_bottom":"default","ocean_custom_footer_template":"0","footnotes":""},"class_list":["post-235","page","type-page","status-publish","hentry","entry"],"aioseo_notices":[],"_links":{"self":[{"href":"https:\/\/haldenwang-werbegestaltung.de\/index.php?rest_route=\/wp\/v2\/pages\/235","targetHints":{"allow":["GET"]}}],"collection":[{"href":"https:\/\/haldenwang-werbegestaltung.de\/index.php?rest_route=\/wp\/v2\/pages"}],"about":[{"href":"https:\/\/haldenwang-werbegestaltung.de\/index.php?rest_route=\/wp\/v2\/types\/page"}],"author":[{"embeddable":true,"href":"https:\/\/haldenwang-werbegestaltung.de\/index.php?rest_route=\/wp\/v2\/users\/1"}],"replies":[{"embeddable":true,"href":"https:\/\/haldenwang-werbegestaltung.de\/index.php?rest_route=%2Fwp%2Fv2%2Fcomments&post=235"}],"version-history":[{"count":13,"href":"https:\/\/haldenwang-werbegestaltung.de\/index.php?rest_route=\/wp\/v2\/pages\/235\/revisions"}],"predecessor-version":[{"id":437,"href":"https:\/\/haldenwang-werbegestaltung.de\/index.php?rest_route=\/wp\/v2\/pages\/235\/revisions\/437"}],"wp:attachment":[{"href":"https:\/\/haldenwang-werbegestaltung.de\/index.php?rest_route=%2Fwp%2Fv2%2Fmedia&parent=235"}],"curies":[{"name":"wp","href":"https:\/\/api.w.org\/{rel}","templated":true}]}}