{"id":106,"date":"2019-11-16T09:49:38","date_gmt":"2019-11-16T09:49:38","guid":{"rendered":"http:\/\/werbidu.de\/?page_id=106"},"modified":"2025-07-22T11:22:13","modified_gmt":"2025-07-22T11:22:13","slug":"home","status":"publish","type":"page","link":"https:\/\/haldenwang-werbegestaltung.de\/","title":{"rendered":"Home"},"content":{"rendered":"\n<div style=\"height:48px\" aria-hidden=\"true\" class=\"wp-block-spacer\"><\/div>\n\n\n\n<h1 class=\"wp-block-heading\">Herzlich willkommen bei Haldenwang Werbegestaltung<\/h1>\n\n\n\n<p>Wir sind Ihr kompetenter Partner f\u00fcr kreative und hochwertige <strong>Werbetechnik<\/strong> seit 1993 \u2013 von <strong>individueller Beschriftung<\/strong> \u00fcber <strong>Gravuren<\/strong> bis hin zu <strong>3D-Schriften<\/strong>, <strong>Digitaldruck<\/strong> und <strong>Firmenschildern<\/strong>. Mit langj\u00e4hriger Erfahrung und modernster Technik setzen wir Ihre Ideen professionell um \u2013 f\u00fcr Industrie, Handel und Privatkunden.<\/p>\n\n\n\n<p>Ob <strong>Schaufensterbeschriftung<\/strong>, <strong>Fahrzeugwerbung<\/strong>, <strong>Gravurarbeiten<\/strong> oder <strong>ma\u00dfgeschneiderte Werbel\u00f6sungen<\/strong> \u2013 wir gestalten Werbung, die wirkt.<\/p>\n\n\n\n<p>Lassen Sie sich inspirieren \u2013 wir freuen uns auf Ihr Projekt!<\/p>\n\n\n\n<p>Werbetechnik im Raum Frankfurt am Main Hochtaunus Bad Homburg<\/p>\n\n\n\n<div style=\"height:51px\" aria-hidden=\"true\" class=\"wp-block-spacer\"><\/div>\n\n\n\n<div class=\"wp-block-columns is-layout-flex wp-container-core-columns-is-layout-9d6595d7 wp-block-columns-is-layout-flex\">\n<div class=\"wp-block-column is-layout-flow wp-block-column-is-layout-flow\">\n<h2 class=\"wp-block-heading\"><strong>Gravuren<\/strong><\/h2>\n\n\n\n<figure class=\"wp-block-image size-full\"><img fetchpriority=\"high\" decoding=\"async\" width=\"600\" height=\"490\" src=\"https:\/\/haldenwang-werbegestaltung.de\/wp-content\/uploads\/2025\/07\/Gravuren-\u2013-2.png\" alt=\"\" class=\"wp-image-330\" srcset=\"https:\/\/haldenwang-werbegestaltung.de\/wp-content\/uploads\/2025\/07\/Gravuren-\u2013-2.png 600w, https:\/\/haldenwang-werbegestaltung.de\/wp-content\/uploads\/2025\/07\/Gravuren-\u2013-2-300x245.png 300w\" sizes=\"(max-width: 600px) 100vw, 600px\" \/><\/figure>\n\n\n\n<div class=\"wp-block-buttons is-layout-flex wp-block-buttons-is-layout-flex\">\n<div class=\"wp-block-button\"><a class=\"wp-block-button__link wp-element-button\" href=\"https:\/\/haldenwang-werbegestaltung.de\/?page_id=269\">Mehr Infos<\/a><\/div>\n<\/div>\n<\/div>\n\n\n\n<div class=\"wp-block-column is-layout-flow wp-block-column-is-layout-flow\">\n<h2 class=\"wp-block-heading\"><strong>Digitaldruck<\/strong><\/h2>\n\n\n\n<figure class=\"wp-block-image size-full\"><img decoding=\"async\" width=\"600\" height=\"490\" src=\"https:\/\/haldenwang-werbegestaltung.de\/wp-content\/uploads\/2025\/07\/Digitaldruck-4.png\" alt=\"\" class=\"wp-image-346\" srcset=\"https:\/\/haldenwang-werbegestaltung.de\/wp-content\/uploads\/2025\/07\/Digitaldruck-4.png 600w, https:\/\/haldenwang-werbegestaltung.de\/wp-content\/uploads\/2025\/07\/Digitaldruck-4-300x245.png 300w\" sizes=\"(max-width: 600px) 100vw, 600px\" \/><\/figure>\n\n\n\n<div class=\"wp-block-buttons is-layout-flex wp-block-buttons-is-layout-flex\">\n<div class=\"wp-block-button\"><a class=\"wp-block-button__link wp-element-button\" href=\"https:\/\/haldenwang-werbegestaltung.de\/?page_id=235\">Mehr Infos<\/a><\/div>\n<\/div>\n<\/div>\n\n\n\n<div class=\"wp-block-column is-vertically-aligned-top is-layout-flow wp-block-column-is-layout-flow\">\n<h2 class=\"wp-block-heading\"><strong>3D-Schriften &amp; Logos aus Acryl<\/strong><\/h2>\n\n\n\n<figure class=\"wp-block-image size-full\"><img decoding=\"async\" width=\"600\" height=\"490\" src=\"https:\/\/haldenwang-werbegestaltung.de\/wp-content\/uploads\/2025\/07\/3D-0.png\" alt=\"\" class=\"wp-image-339\" srcset=\"https:\/\/haldenwang-werbegestaltung.de\/wp-content\/uploads\/2025\/07\/3D-0.png 600w, https:\/\/haldenwang-werbegestaltung.de\/wp-content\/uploads\/2025\/07\/3D-0-300x245.png 300w\" sizes=\"(max-width: 600px) 100vw, 600px\" \/><\/figure>\n\n\n\n<div class=\"wp-block-buttons is-layout-flex wp-block-buttons-is-layout-flex\">\n<div class=\"wp-block-button\"><a class=\"wp-block-button__link wp-element-button\" href=\"https:\/\/haldenwang-werbegestaltung.de\/?page_id=239\">Mehr Infos<\/a><\/div>\n<\/div>\n<\/div>\n<\/div>\n\n\n\n<div style=\"height:54px\" aria-hidden=\"true\" class=\"wp-block-spacer\"><\/div>\n\n\n\n<figure class=\"wp-block-embed is-type-video is-provider-youtube wp-block-embed-youtube wp-embed-aspect-16-9 wp-has-aspect-ratio\"><div class=\"wp-block-embed__wrapper\">\n<p class=\"responsive-video-wrap clr\"><iframe title=\"Haldenwang Werbegestaltung Imagefilm\" width=\"\"1200\" height=\"\"675\" src=\"https:\/\/www.youtube.com\/embed\/1A4IngzMjFo?feature=oembed\" frameborder=\"0\" allow=\"accelerometer; autoplay; clipboard-write; encrypted-media; gyroscope; picture-in-picture; web-share\" referrerpolicy=\"strict-origin-when-cross-origin\" allowfullscreen><\/iframe><\/p>\n<\/div><\/figure>\n\n\n\n<figure class=\"wp-block-gallery has-nested-images columns-default is-cropped wp-block-gallery-1 is-layout-flex wp-block-gallery-is-layout-flex\">\n<figure class=\"wp-block-image size-large\"><img loading=\"lazy\" decoding=\"async\" width=\"1920\" height=\"2560\" data-id=\"434\" src=\"https:\/\/haldenwang-werbegestaltung.de\/wp-content\/uploads\/2025\/07\/20250722_124932-1-edited-1-scaled.jpg\" alt=\"\" class=\"wp-image-434\" srcset=\"https:\/\/haldenwang-werbegestaltung.de\/wp-content\/uploads\/2025\/07\/20250722_124932-1-edited-1-scaled.jpg 1920w, https:\/\/haldenwang-werbegestaltung.de\/wp-content\/uploads\/2025\/07\/20250722_124932-1-edited-1-225x300.jpg 225w, https:\/\/haldenwang-werbegestaltung.de\/wp-content\/uploads\/2025\/07\/20250722_124932-1-edited-1-768x1024.jpg 768w, https:\/\/haldenwang-werbegestaltung.de\/wp-content\/uploads\/2025\/07\/20250722_124932-1-edited-1-1152x1536.jpg 1152w, https:\/\/haldenwang-werbegestaltung.de\/wp-content\/uploads\/2025\/07\/20250722_124932-1-edited-1-1536x2048.jpg 1536w\" sizes=\"(max-width: 1920px) 100vw, 1920px\" \/><\/figure>\n<\/figure>\n","protected":false},"excerpt":{"rendered":"<p>Herzlich willkommen bei Haldenwang Werbegestaltung Wir sind Ihr kompetenter Partner f\u00fcr kreative und hochwertige Werbetechnik seit 1993 \u2013 von individueller Beschriftung \u00fcber Gravuren bis hin zu 3D-Schriften, Digitaldruck und Firmenschildern. Mit langj\u00e4hriger Erfahrung und modernster Technik setzen wir Ihre Ideen professionell um \u2013 f\u00fcr Industrie, Handel und Privatkunden. Ob Schaufensterbeschriftung, Fahrzeugwerbung, Gravurarbeiten oder ma\u00dfgeschneiderte Werbel\u00f6sungen [&hellip;]<\/p>\n","protected":false},"author":1,"featured_media":0,"parent":0,"menu_order":0,"comment_status":"closed","ping_status":"closed","template":"","meta":{"om_disable_all_campaigns":false,"_monsterinsights_skip_tracking":false,"_monsterinsights_sitenote_active":false,"_monsterinsights_sitenote_note":"","_monsterinsights_sitenote_category":0,"ocean_post_layout":"full-width","ocean_both_sidebars_style":"","ocean_both_sidebars_content_width":0,"ocean_both_sidebars_sidebars_width":0,"ocean_sidebar":"0","ocean_second_sidebar":"0","ocean_disable_margins":"enable","ocean_add_body_class":"","ocean_shortcode_before_top_bar":"","ocean_shortcode_after_top_bar":"","ocean_shortcode_before_header":"","ocean_shortcode_after_header":"","ocean_has_shortcode":"","ocean_shortcode_after_title":"","ocean_shortcode_before_footer_widgets":"","ocean_shortcode_after_footer_widgets":"","ocean_shortcode_before_footer_bottom":"","ocean_shortcode_after_footer_bottom":"","ocean_display_top_bar":"off","ocean_display_header":"default","ocean_header_style":"","ocean_center_header_left_menu":"0","ocean_custom_header_template":"0","ocean_custom_logo":0,"ocean_custom_retina_logo":0,"ocean_custom_logo_max_width":0,"ocean_custom_logo_tablet_max_width":0,"ocean_custom_logo_mobile_max_width":0,"ocean_custom_logo_max_height":0,"ocean_custom_logo_tablet_max_height":0,"ocean_custom_logo_mobile_max_height":0,"ocean_header_custom_menu":"0","ocean_menu_typo_font_family":"0","ocean_menu_typo_font_subset":"","ocean_menu_typo_font_size":0,"ocean_menu_typo_font_size_tablet":0,"ocean_menu_typo_font_size_mobile":0,"ocean_menu_typo_font_size_unit":"px","ocean_menu_typo_font_weight":"","ocean_menu_typo_font_weight_tablet":"","ocean_menu_typo_font_weight_mobile":"","ocean_menu_typo_transform":"","ocean_menu_typo_transform_tablet":"","ocean_menu_typo_transform_mobile":"","ocean_menu_typo_line_height":0,"ocean_menu_typo_line_height_tablet":0,"ocean_menu_typo_line_height_mobile":0,"ocean_menu_typo_line_height_unit":"","ocean_menu_typo_spacing":0,"ocean_menu_typo_spacing_tablet":0,"ocean_menu_typo_spacing_mobile":0,"ocean_menu_typo_spacing_unit":"","ocean_menu_link_color":"","ocean_menu_link_color_hover":"","ocean_menu_link_color_active":"","ocean_menu_link_background":"","ocean_menu_link_hover_background":"","ocean_menu_link_active_background":"","ocean_menu_social_links_bg":"","ocean_menu_social_hover_links_bg":"","ocean_menu_social_links_color":"","ocean_menu_social_hover_links_color":"","ocean_disable_title":"on","ocean_disable_heading":"default","ocean_post_title":"","ocean_post_subheading":"","ocean_post_title_style":"","ocean_post_title_background_color":"","ocean_post_title_background":0,"ocean_post_title_bg_image_position":"","ocean_post_title_bg_image_attachment":"","ocean_post_title_bg_image_repeat":"","ocean_post_title_bg_image_size":"","ocean_post_title_height":0,"ocean_post_title_bg_overlay":0.5,"ocean_post_title_bg_overlay_color":"","ocean_disable_breadcrumbs":"default","ocean_breadcrumbs_color":"","ocean_breadcrumbs_separator_color":"","ocean_breadcrumbs_links_color":"","ocean_breadcrumbs_links_hover_color":"","ocean_display_footer_widgets":"default","ocean_display_footer_bottom":"off","ocean_custom_footer_template":"0","footnotes":""},"class_list":["post-106","page","type-page","status-publish","hentry","entry"],"aioseo_notices":[],"_links":{"self":[{"href":"https:\/\/haldenwang-werbegestaltung.de\/index.php?rest_route=\/wp\/v2\/pages\/106","targetHints":{"allow":["GET"]}}],"collection":[{"href":"https:\/\/haldenwang-werbegestaltung.de\/index.php?rest_route=\/wp\/v2\/pages"}],"about":[{"href":"https:\/\/haldenwang-werbegestaltung.de\/index.php?rest_route=\/wp\/v2\/types\/page"}],"author":[{"embeddable":true,"href":"https:\/\/haldenwang-werbegestaltung.de\/index.php?rest_route=\/wp\/v2\/users\/1"}],"replies":[{"embeddable":true,"href":"https:\/\/haldenwang-werbegestaltung.de\/index.php?rest_route=%2Fwp%2Fv2%2Fcomments&post=106"}],"version-history":[{"count":28,"href":"https:\/\/haldenwang-werbegestaltung.de\/index.php?rest_route=\/wp\/v2\/pages\/106\/revisions"}],"predecessor-version":[{"id":436,"href":"https:\/\/haldenwang-werbegestaltung.de\/index.php?rest_route=\/wp\/v2\/pages\/106\/revisions\/436"}],"wp:attachment":[{"href":"https:\/\/haldenwang-werbegestaltung.de\/index.php?rest_route=%2Fwp%2Fv2%2Fmedia&parent=106"}],"curies":[{"name":"wp","href":"https:\/\/api.w.org\/{rel}","templated":true}]}}